{"id":19,"date":"2017-10-11T08:53:30","date_gmt":"2017-10-11T08:53:30","guid":{"rendered":"http:\/\/localhost\/yootheme_pro\/2017\/Florence\/Website_WP\/index.php\/getting-started\/"},"modified":"2024-07-19T08:37:25","modified_gmt":"2024-07-19T08:37:25","slug":"getting-started","status":"publish","type":"page","link":"https:\/\/www.derzahnarzt-gefrees.de\/","title":{"rendered":"Home"},"content":{"rendered":"<ul>\n<li>\n<p>        <img src=\"\/wp-content\/uploads\/header_2.jpg\" alt=\"\"><\/p>\n<\/li>\n<li>\n<p>        <img src=\"\/wp-content\/uploads\/header_3.jpg\" alt=\"\"><\/p>\n<\/li>\n<li>\n<p>        <img src=\"\/wp-content\/uploads\/header_4.jpg\" alt=\"\"><\/p>\n<\/li>\n<\/ul>\n<div>\n<h3>Hinweis zum Corona-Virus<\/h3>\n<div>\n<p>Wir sind weiterhin zu den gewohnten Sprechzeiten f\u00fcr Sie da und kommen unserem Sicherstellungsauftrag nach. Sollten Sie Krankheitssymptome haben bitten wir Sie aber dennoch uns vor betreten der Praxis telefonisch zu informieren. Bei weiteren Fragen stehen wir Ihnen gerne w\u00e4hrend der Sprechzeiten zur Verf\u00fcgung.<\/p>\n<\/div>\n<\/div>\n<div>\n<h3>Stellenangebot<\/h3>\n<div>\n<p>Wir suchen ab sofort eine\/-n <strong>zahnmedizinische Fachangestellte\/-n (m\/w\/d)<\/strong> f\u00fcr den Bereich Stuhlassistenz.<\/p>\n<p>Wir bieten eine unbefristete Anstellung in Vollzeit (35 Wochenstunden), bei ansprechender Bezahlung. Wir erwartet Engagement, Freude am Beruf und gewissenhaftes Arbeiten. Weitere Details sollten wir bei einem Vorstellungsgespr\u00e4ch kl\u00e4ren.<\/p>\n<p>Ihre aussagekr\u00e4ftige Bewerbung richten Sie bitte schriftlich oder per Mail an die unten genannten Adressen.<\/p>\n<\/div>\n<\/div>\n<h1>Behandlungsphilosophie<\/h1>\n<div>\n<p>Wir bieten Ihnen nach einem freundlichen Empfang eine ehrliche Beratung, gr\u00fcndliche Untersuchung und eine schonende und gewissenhafte Behandlung.<\/p>\n<p>Dank eines gut organisierten Bestellsystems und einer strukturierten Behandlungsmethode gibt es bei uns kaum Wartezeiten.<\/p>\n<p>Wir bieten Ihnen eine angenehme, ruhige Behandlung in klimatisierten R\u00e4umen.<\/p>\n<p>Aufgrund umfangreicher Fortbildungen und Qualifikationen im Bereich der Zahnheilkunde k\u00f6nnen wir ihnen moderne Zahnmedizin in allen Facetten von Beginn bis zur Fertigstellung mit \u00fcber 25-j\u00e4hriger Erfahrung bieten.\u00a0<\/p>\n<p>Selbstverst\u00e4ndlich f\u00fchren wir eine umfangreiche Diagnostik, umfassende Beratung mit dem Aufzeigen aller Behandlungsalternativen durch. Wir versuchen Ihre W\u00fcnsche und Vorstellungen zu verstehen und bei der Therapie zu ber\u00fccksichtigen.<\/p>\n<p>Keine Behandlung mit finanzieller Eigenbeteiligung ohne vorherige Kostenbesprechung. Bei prothetischen und implantologischen Arbeiten nat\u00fcrlich mit erkl\u00e4rendem Kostenvoranschlag.<\/p>\n<\/div>\n<p><img src=\"\/wp-content\/uploads\/flur-1.jpg\" alt=\"\"><\/p>\n<h1>Behandlungsspektrum<\/h1>\n<p><img src=\"\/wp-content\/uploads\/behandlung.jpg\" alt=\"\"><\/p>\n<div>\n<ul>\n<li>F\u00fcllungstherapie (alle Werkstoffe)<\/li>\n<li>Kronen und Br\u00fcckenprothetik (alle Werkstoffe) \u2013 Zusammenarbeit mit Meisterlabor vor Ort!<\/li>\n<li>Teil- und Totalprothetik<\/li>\n<li>Kinder- und Jugendbehandlung\/-prophylaxe<\/li>\n<li>Erwachsenenprophylaxe (professionelle Zahnreinigung)<\/li>\n<li>Alle modernen chirurgischen, implantologischen Verfahren (Weisheitszahnentfernung, Wurzelspitzenresektion, augmentative Verfahren &#8211; Knochenaufbau, Sinuslift, Implantate, Weichgewebschirurgie)<\/li>\n<li>Hochwertige Implantatprothetik<\/li>\n<li>Parodontologie<\/li>\n<li>Knirscher-, Aufbiss- und Entspannungschienen<\/li>\n<li>Scharchschienen<\/li>\n<li>Ohrakupunktur<\/li>\n<\/ul>\n<\/div>\n<h1>\u00dcber uns<\/h1>\n<h1>Dr. Frank Wolfrum<\/h1>\n<div>\n<ul>\n<li>Studium der Zahnmedizin in W\u00fcrzburg (1985 &#8211; 1990)<\/li>\n<li>Assistenzzeit in Kronach und Bielefeld (1991 &#8211; 1994)<\/li>\n<li>Eigene Praxist\u00e4tigkeit in Gefrees (seit 1994)<\/li>\n<li>Berufsbegleitendes Curriculum und Masterstudium mit Abschluss (2006 &#8211; 2009)<\/li>\n<li>Fort- und Weiterbildungen in allen Bereichen der Zahnheilkunde<\/li>\n<\/ul>\n<\/div>\n<h1>Team<\/h1>\n<div>\n<p>Freundliches, geschultes und einf\u00fchlsames Behandlungsteam, das Ihre W\u00fcnsche und Fragen beantwortet und Ihre Behandlungs\u00e4ngste nimmt.<\/p>\n<\/div>\n<p><img src=\"\/wp-content\/uploads\/wolfrum_web.jpg\" alt=\"\"><\/p>\n<h1>Behandlungszeiten &amp; Notdienst<\/h1>\n<div>\n<p>Montag:\u00a0 \u00a008.00 \u2013 11.30 Uhr und 14.00 \u2013 19.00 Uhr<\/p>\n<p>Dienstag:\u00a0 \u00a008.00 \u2013 11.30 Uhr und 14.00 \u2013 18.00 Uhr<\/p>\n<p>Mittwoch:\u00a0 \u00a008.00 \u2013 12.00 Uhr<\/p>\n<p>Donnerstag:\u00a0 \u00a008.00 \u2013 11.30 Uhr und 15.00 \u2013 19.00 Uhr<\/p>\n<p>Freitag:\u00a0 \u00a008.00 \u2013 12.00 Uhr<\/p>\n<\/div>\n<h2>Eingeteilte Notdienste<\/h2>\n<div>\n<p>An den Wochenende, sowie an Feiertagen ist eine Notdienstpraxis eingeteilt. Diese hat an den betreffenden Tagen von 10.00 \u2013 12.00 und von 18.00 \u2013\u00a019.00 Uhr Behandlungsbereitschaft.<\/p>\n<p>Sie k\u00f6nnen diese \u00fcber <a href=\"http:\/\/www.notdienst-zahn.de\" target=\"_blank\" rel=\"noopener\">www.notdienst-zahn.de<\/a> sowie \u00fcber den Aushang an der Praxis und in der Tagespresse in Erfahrung bringen.<\/p>\n<\/div>\n<p><img src=\"\/wp-content\/uploads\/wartezimmer_2.jpg\" alt=\"\"><\/p>\n<div>\n<p>    <img src=\"\/wp-content\/uploads\/aussen_2.jpg\" alt=\"\"><\/p>\n<\/div>\n<h1>Kontakt und Parkm\u00f6glichkeiten<\/h1>\n<div>\n<p>50.0967,11.7447<\/p>\n<h3>Zahnarztpraxis Dr. Frank Wolfrum<\/h3>\n<div>\n<p>Neuenreuther Str. 19<br \/>95482 Gefrees<\/p>\n<\/div>\n<\/div>\n<div>\n<p>Durch unsere verkehrsberuhigte Lage finden Sie immer gen\u00fcgend Parkm\u00f6glichkeiten. Eine vorhandene Rollstuhlrampe erm\u00f6glicht barrierefreies Behandeln.<\/p>\n<p><strong>Zahnarztpraxis Dr. Frank Wolfrum<\/strong><br \/><strong>Master of Science in Oral Implantology (DGI)<\/strong><\/p>\n<p>Neuenreuther Str. 19<br \/>95482 Gefrees<\/p>\n<p>Telefon: 09254 \/ 9 13 13<br \/>Fax: 09254 \/ 9 13 14<br \/>Mail: zahnarzt-drwolfrum@t-online.de<\/p>\n<\/div>\n<p><!--more--><br \/>\n<!-- {\"name\":\"Home\",\"type\":\"layout\",\"children\":[{\"name\":\"Hero\",\"type\":\"section\",\"props\":{\"style\":\"primary\",\"width\":\"\",\"vertical_align\":\"middle\",\"title_position\":\"top-left\",\"title_rotation\":\"left\",\"title_breakpoint\":\"xl\",\"image_position\":\"center-center\",\"padding\":\"none\",\"header_transparent_noplaceholder\":true,\"class\":\"demo\",\"padding_remove_top\":true},\"children\":[{\"name\":\"\",\"type\":\"row\",\"children\":[{\"name\":\"\",\"type\":\"column\",\"props\":{\"image_position\":\"center-center\",\"width_medium\":\"1-1\",\"media_overlay_gradient\":\"\"},\"children\":[{\"name\":\"\",\"type\":\"slideshow\",\"props\":{\"show_title\":true,\"show_meta\":true,\"show_content\":true,\"show_link\":true,\"show_thumbnail\":true,\"slideshow_min_height\":300,\"slideshow_autoplay_pause\":false,\"nav\":\"dotnav\",\"nav_position\":\"bottom-center\",\"nav_position_margin\":\"medium\",\"nav_align\":\"center\",\"nav_breakpoint\":\"s\",\"thumbnav_width\":\"100\",\"thumbnav_height\":\"75\",\"slidenav\":\"default\",\"slidenav_margin\":\"medium\",\"slidenav_breakpoint\":\"s\",\"slidenav_outside_breakpoint\":\"xl\",\"overlay_position\":\"center-left\",\"overlay_animation\":\"parallax\",\"title_element\":\"h3\",\"meta_style\":\"meta\",\"meta_align\":\"below-title\",\"link_text\":\"Read more\",\"link_style\":\"default\",\"margin\":\"default\",\"slideshow_height\":\"percent\",\"slideshow_autoplay\":true,\"slideshow_autoplay_interval\":5,\"thumbnav_svg_color\":\"emphasis\",\"meta_element\":\"div\"},\"children\":[{\"name\":\"\",\"type\":\"slideshow_item\",\"props\":{\"image\":\"wp-content\\\/uploads\\\/header_2.jpg\"}},{\"name\":\"\",\"type\":\"slideshow_item\",\"props\":{\"image\":\"wp-content\\\/uploads\\\/header_3.jpg\"}},{\"name\":\"\",\"type\":\"slideshow_item\",\"props\":{\"image\":\"wp-content\\\/uploads\\\/header_4.jpg\"}}]}]}]}]},{\"name\":\"\",\"type\":\"section\",\"props\":{\"style\":\"default\",\"width\":\"large\",\"vertical_align\":\"middle\",\"title_position\":\"top-left\",\"title_rotation\":\"left\",\"title_breakpoint\":\"xl\",\"image_position\":\"center-center\"},\"children\":[{\"name\":\"\",\"type\":\"row\",\"props\":{\"layout\":\"1-2,1-2\",\"match\":true},\"children\":[{\"name\":\"\",\"type\":\"column\",\"props\":{\"image_position\":\"center-center\",\"width_medium\":\"1-2\",\"media_overlay_gradient\":\"\"},\"children\":[{\"name\":\"\",\"type\":\"panel\",\"props\":{\"link_text\":\"Read more\",\"title_element\":\"h3\",\"meta_style\":\"meta\",\"meta_align\":\"below-title\",\"image_align\":\"top\",\"image_grid_width\":\"1-2\",\"link_style\":\"default\",\"margin\":\"xlarge\",\"title\":\"Hinweis zum Corona-Virus\",\"panel_style\":\"card-secondary\",\"maxwidth\":\"xlarge\",\"text_align\":\"center\",\"content\":\"\n\n<p>Wir sind weiterhin zu den gewohnten Sprechzeiten f\\u00fcr Sie da und kommen unserem Sicherstellungsauftrag nach. Sollten Sie Krankheitssymptome haben bitten wir Sie aber dennoch uns vor betreten der Praxis telefonisch zu informieren. Bei weiteren Fragen stehen wir Ihnen gerne w\\u00e4hrend der Sprechzeiten zur Verf\\u00fcgung.<\\\/p>\",\"block_align\":\"center\",\"image_grid_breakpoint\":\"m\",\"icon_width\":80,\"title_hover_style\":\"reset\",\"title_align\":\"top\",\"title_grid_width\":\"1-2\",\"title_grid_breakpoint\":\"m\",\"meta_element\":\"div\",\"content_column_breakpoint\":\"m\",\"image_svg_color\":\"emphasis\"}}]},{\"name\":\"\",\"type\":\"column\",\"props\":{\"image_position\":\"center-center\",\"width_medium\":\"1-2\",\"media_overlay_gradient\":\"\"},\"children\":[{\"name\":\"\",\"type\":\"panel\",\"props\":{\"link_text\":\"Read more\",\"title_element\":\"h3\",\"meta_style\":\"meta\",\"meta_align\":\"below-title\",\"image_align\":\"top\",\"image_grid_width\":\"1-2\",\"link_style\":\"default\",\"margin\":\"xlarge\",\"title\":\"Stellenangebot\",\"panel_style\":\"card-secondary\",\"maxwidth\":\"xlarge\",\"text_align\":\"center\",\"content\":\"\n\n<p>Wir suchen ab sofort eine\\\/-n <strong>zahnmedizinische Fachangestellte\\\/-n (m\\\/w\\\/d)<\\\/strong> f\\u00fcr den Bereich Stuhlassistenz.<\\\/p>\\n\n\n<p>Wir bieten eine unbefristete Anstellung in Vollzeit (35 Wochenstunden), bei ansprechender Bezahlung. Wir erwartet Engagement, Freude am Beruf und gewissenhaftes Arbeiten. Weitere Details sollten wir bei einem Vorstellungsgespr\\u00e4ch kl\\u00e4ren.<\\\/p>\\n\n\n<p>Ihre aussagekr\\u00e4ftige Bewerbung richten Sie bitte schriftlich oder per Mail an die unten genannten Adressen.<\\\/p>\",\"block_align\":\"center\",\"image_grid_breakpoint\":\"m\",\"icon_width\":80,\"title_hover_style\":\"reset\",\"title_align\":\"top\",\"title_grid_width\":\"1-2\",\"title_grid_breakpoint\":\"m\",\"meta_element\":\"div\",\"content_column_breakpoint\":\"m\",\"image_svg_color\":\"emphasis\"}}]}]}]},{\"name\":\"\",\"type\":\"section\",\"props\":{\"style\":\"muted\",\"width\":\"small\",\"vertical_align\":\"middle\",\"title_position\":\"top-left\",\"title_rotation\":\"left\",\"title_breakpoint\":\"xl\",\"image_position\":\"center-center\"},\"children\":[{\"name\":\"\",\"type\":\"row\",\"children\":[{\"name\":\"\",\"type\":\"column\",\"props\":{\"image_position\":\"center-center\",\"width_medium\":\"1-1\",\"media_overlay_gradient\":\"\"},\"children\":[{\"name\":\"\",\"type\":\"headline\",\"props\":{\"title_element\":\"h1\",\"content\":\"Behandlungsphilosophie\",\"title_decoration\":\"line\",\"text_align\":\"center\",\"title_style\":\"heading-small\"}}]}]},{\"name\":\"\",\"type\":\"row\",\"props\":{\"layout\":\"1-2,1-2\"},\"children\":[{\"name\":\"\",\"type\":\"column\",\"props\":{\"image_position\":\"center-center\",\"width_medium\":\"1-2\",\"media_overlay_gradient\":\"\"},\"children\":[{\"name\":\"\",\"type\":\"text\",\"props\":{\"margin\":\"default\",\"column_breakpoint\":\"m\",\"content\":\"\n\n<p>Wir bieten Ihnen nach einem freundlichen Empfang eine ehrliche Beratung, gr\\u00fcndliche Untersuchung und eine schonende und gewissenhafte Behandlung.<\\\/p>\\n\n\n<p>Dank eines gut organisierten Bestellsystems und einer strukturierten Behandlungsmethode gibt es bei uns kaum Wartezeiten.<\\\/p>\\n\n\n<p>Wir bieten Ihnen eine angenehme, ruhige Behandlung in klimatisierten R\\u00e4umen.<\\\/p>\\n\n\n<p>Aufgrund umfangreicher Fortbildungen und Qualifikationen im Bereich der Zahnheilkunde k\\u00f6nnen wir ihnen moderne Zahnmedizin in allen Facetten von Beginn bis zur Fertigstellung mit \\u00fcber 25-j\\u00e4hriger Erfahrung bieten.\\u00a0<\\\/p>\\n\n\n<p>Selbstverst\\u00e4ndlich f\\u00fchren wir eine umfangreiche Diagnostik, umfassende Beratung mit dem Aufzeigen aller Behandlungsalternativen durch. Wir versuchen Ihre W\\u00fcnsche und Vorstellungen zu verstehen und bei der Therapie zu ber\\u00fccksichtigen.<\\\/p>\\n\n\n<p>Keine Behandlung mit finanzieller Eigenbeteiligung ohne vorherige Kostenbesprechung. Bei prothetischen und implantologischen Arbeiten nat\\u00fcrlich mit erkl\\u00e4rendem Kostenvoranschlag.<\\\/p>\"}}]},{\"name\":\"\",\"type\":\"column\",\"props\":{\"image_position\":\"center-center\",\"width_medium\":\"1-2\",\"media_overlay_gradient\":\"\"},\"children\":[{\"name\":\"\",\"type\":\"image\",\"props\":{\"margin\":\"default\",\"image\":\"wp-content\\\/uploads\\\/flur-1.jpg\",\"image_svg_color\":\"emphasis\"}}]}]}]},{\"name\":\"\",\"type\":\"section\",\"props\":{\"style\":\"default\",\"width\":\"small\",\"vertical_align\":\"middle\",\"title_position\":\"top-left\",\"title_rotation\":\"left\",\"title_breakpoint\":\"xl\",\"image_position\":\"center-center\",\"id\":\"spektrum\"},\"children\":[{\"name\":\"\",\"type\":\"row\",\"children\":[{\"name\":\"\",\"type\":\"column\",\"props\":{\"image_position\":\"center-center\",\"width_medium\":\"1-1\",\"media_overlay_gradient\":\"\"},\"children\":[{\"name\":\"\",\"type\":\"headline\",\"props\":{\"title_element\":\"h1\",\"content\":\"Behandlungsspektrum\",\"title_decoration\":\"line\",\"text_align\":\"center\",\"title_style\":\"heading-small\"}}]}]},{\"name\":\"\",\"type\":\"row\",\"props\":{\"layout\":\"1-2,1-2\"},\"children\":[{\"name\":\"\",\"type\":\"column\",\"props\":{\"image_position\":\"center-center\",\"width_medium\":\"1-2\",\"media_overlay_gradient\":\"\"},\"children\":[{\"name\":\"\",\"type\":\"image\",\"props\":{\"margin\":\"default\",\"image\":\"wp-content\\\/uploads\\\/behandlung.jpg\",\"image_svg_color\":\"emphasis\"}}]},{\"name\":\"\",\"type\":\"column\",\"props\":{\"image_position\":\"center-center\",\"width_medium\":\"1-2\",\"media_overlay_gradient\":\"\"},\"children\":[{\"name\":\"\",\"type\":\"text\",\"props\":{\"margin\":\"default\",\"column_breakpoint\":\"m\",\"content\":\"\n\n<ul>\\n\n\n<li>F\\u00fcllungstherapie (alle Werkstoffe)<\\\/li>\\n\n\n<li>Kronen und Br\\u00fcckenprothetik (alle Werkstoffe) \\u2013 Zusammenarbeit mit Meisterlabor vor Ort!<\\\/li>\\n\n\n<li>Teil- und Totalprothetik<\\\/li>\\n\n\n<li>Kinder- und Jugendbehandlung\\\/-prophylaxe<\\\/li>\\n\n\n<li>Erwachsenenprophylaxe (professionelle Zahnreinigung)<\\\/li>\\n\n\n<li>Alle modernen chirurgischen, implantologischen Verfahren (Weisheitszahnentfernung, Wurzelspitzenresektion, augmentative Verfahren - Knochenaufbau, Sinuslift, Implantate, Weichgewebschirurgie)<\\\/li>\\n\n\n<li>Hochwertige Implantatprothetik<\\\/li>\\n\n\n<li>Parodontologie<\\\/li>\\n\n\n<li>Knirscher-, Aufbiss- und Entspannungschienen<\\\/li>\\n\n\n<li>Scharchschienen<\\\/li>\\n\n\n<li>Ohrakupunktur<\\\/li>\\n<\\\/ul>\"}}]}]}]},{\"name\":\"\",\"type\":\"section\",\"props\":{\"style\":\"secondary\",\"width\":\"large\",\"vertical_align\":\"middle\",\"title_position\":\"top-left\",\"title_rotation\":\"left\",\"title_breakpoint\":\"xl\",\"image_position\":\"center-center\",\"id\":\"ueberuns\"},\"children\":[{\"name\":\"\",\"type\":\"row\",\"children\":[{\"name\":\"\",\"type\":\"column\",\"props\":{\"image_position\":\"center-center\",\"width_medium\":\"1-1\",\"media_overlay_gradient\":\"\"},\"children\":[{\"name\":\"\",\"type\":\"headline\",\"props\":{\"title_element\":\"h1\",\"content\":\"\\u00dcber uns\",\"title_decoration\":\"line\",\"text_align\":\"center\",\"title_style\":\"heading-small\"}}]}]},{\"name\":\"\",\"type\":\"row\",\"props\":{\"layout\":\"1-2,1-2\",\"width\":\"small\"},\"children\":[{\"name\":\"\",\"type\":\"column\",\"props\":{\"image_position\":\"center-center\",\"width_medium\":\"1-2\",\"media_overlay_gradient\":\"\"},\"children\":[{\"name\":\"\",\"type\":\"headline\",\"props\":{\"title_element\":\"h1\",\"title_style\":\"h3\",\"content\":\"Dr. Frank Wolfrum\"}},{\"name\":\"\",\"type\":\"text\",\"props\":{\"margin\":\"default\",\"column_breakpoint\":\"m\",\"content\":\"\n\n<ul>\\n\n\n<li>Studium der Zahnmedizin in W\\u00fcrzburg (1985 - 1990)<\\\/li>\\n\n\n<li>Assistenzzeit in Kronach und Bielefeld (1991 - 1994)<\\\/li>\\n\n\n<li>Eigene Praxist\\u00e4tigkeit in Gefrees (seit 1994)<\\\/li>\\n\n\n<li>Berufsbegleitendes Curriculum und Masterstudium mit Abschluss (2006 - 2009)<\\\/li>\\n\n\n<li>Fort- und Weiterbildungen in allen Bereichen der Zahnheilkunde<\\\/li>\\n<\\\/ul>\"}},{\"name\":\"\",\"type\":\"headline\",\"props\":{\"title_element\":\"h1\",\"title_style\":\"h3\",\"content\":\"Team\"}},{\"name\":\"\",\"type\":\"text\",\"props\":{\"margin\":\"default\",\"column_breakpoint\":\"m\",\"content\":\"\n\n<p>Freundliches, geschultes und einf\\u00fchlsames Behandlungsteam, das Ihre W\\u00fcnsche und Fragen beantwortet und Ihre Behandlungs\\u00e4ngste nimmt.<\\\/p>\"}}]},{\"name\":\"\",\"type\":\"column\",\"props\":{\"image_position\":\"center-center\",\"width_medium\":\"1-2\",\"media_overlay_gradient\":\"\"},\"children\":[{\"name\":\"\",\"type\":\"image\",\"props\":{\"margin\":\"default\",\"image\":\"wp-content\\\/uploads\\\/wolfrum_web.jpg\",\"image_svg_color\":\"emphasis\"}}]}]}]},{\"name\":\"\",\"type\":\"section\",\"props\":{\"style\":\"muted\",\"width\":\"small\",\"vertical_align\":\"middle\",\"title_position\":\"top-left\",\"title_rotation\":\"left\",\"title_breakpoint\":\"xl\",\"image_position\":\"center-center\",\"id\":\"zeiten\"},\"children\":[{\"name\":\"\",\"type\":\"row\",\"children\":[{\"name\":\"\",\"type\":\"column\",\"props\":{\"image_position\":\"center-center\",\"width_medium\":\"1-1\",\"media_overlay_gradient\":\"\"},\"children\":[{\"name\":\"\",\"type\":\"headline\",\"props\":{\"title_element\":\"h1\",\"content\":\"Behandlungszeiten &amp; Notdienst\",\"title_decoration\":\"line\",\"text_align\":\"center\",\"title_style\":\"heading-small\"}}]}]},{\"name\":\"\",\"type\":\"row\",\"props\":{\"layout\":\"1-2,1-2\"},\"children\":[{\"name\":\"\",\"type\":\"column\",\"props\":{\"image_position\":\"center-center\",\"width_medium\":\"1-2\",\"media_overlay_gradient\":\"\"},\"children\":[{\"name\":\"\",\"type\":\"text\",\"props\":{\"margin\":\"default\",\"column_breakpoint\":\"m\",\"content\":\"\n\n<p>Montag:\\u00a0 \\u00a008.00 \\u2013 11.30 Uhr und 14.00 \\u2013 19.00 Uhr<\\\/p>\\n\n\n<p>Dienstag:\\u00a0 \\u00a008.00 \\u2013 11.30 Uhr und 14.00 \\u2013 18.00 Uhr<\\\/p>\\n\n\n<p>Mittwoch:\\u00a0 \\u00a008.00 \\u2013 12.00 Uhr<\\\/p>\\n\n\n<p>Donnerstag:\\u00a0 \\u00a008.00 \\u2013 11.30 Uhr und 15.00 \\u2013 19.00 Uhr<\\\/p>\\n\n\n<p>Freitag:\\u00a0 \\u00a008.00 \\u2013 12.00 Uhr<\\\/p>\"}},{\"name\":\"\",\"type\":\"headline\",\"props\":{\"title_element\":\"h2\",\"content\":\"Eingeteilte Notdienste\",\"title_style\":\"h3\"}},{\"name\":\"\",\"type\":\"text\",\"props\":{\"margin\":\"default\",\"column_breakpoint\":\"m\",\"content\":\"\n\n<p>An den Wochenende, sowie an Feiertagen ist eine Notdienstpraxis eingeteilt. Diese hat an den betreffenden Tagen von 10.00 \\u2013 12.00 und von 18.00 \\u2013\\u00a019.00 Uhr Behandlungsbereitschaft.<\\\/p>\\n\n\n<p>Sie k\\u00f6nnen diese \\u00fcber <a href=\\\"http:\\\/\\\/www.notdienst-zahn.de\\\" target=\\\"_blank\\\" rel=\\\"noopener\\\">www.notdienst-zahn.de<\\\/a> sowie \\u00fcber den Aushang an der Praxis und in der Tagespresse in Erfahrung bringen.<\\\/p>\"}}]},{\"name\":\"\",\"type\":\"column\",\"props\":{\"image_position\":\"center-center\",\"width_medium\":\"1-2\",\"media_overlay_gradient\":\"\"},\"children\":[{\"name\":\"\",\"type\":\"image\",\"props\":{\"margin\":\"default\",\"image\":\"wp-content\\\/uploads\\\/wartezimmer_2.jpg\",\"image_svg_color\":\"emphasis\"}}]}]}]},{\"name\":\"\",\"type\":\"section\",\"props\":{\"style\":\"default\",\"width\":\"\",\"vertical_align\":\"middle\",\"title_position\":\"top-left\",\"title_rotation\":\"left\",\"title_breakpoint\":\"xl\",\"image_position\":\"center-center\",\"padding_remove_top\":true,\"padding_remove_bottom\":true},\"children\":[{\"name\":\"\",\"type\":\"row\",\"children\":[{\"name\":\"\",\"type\":\"column\",\"props\":{\"image_position\":\"center-center\",\"width_medium\":\"1-1\",\"media_overlay_gradient\":\"\"},\"children\":[{\"name\":\"\",\"type\":\"slideshow\",\"props\":{\"show_title\":true,\"show_meta\":true,\"show_content\":true,\"show_link\":true,\"show_thumbnail\":true,\"slideshow_min_height\":250,\"slideshow_autoplay_pause\":true,\"nav\":\"dotnav\",\"nav_position\":\"bottom-center\",\"nav_position_margin\":\"medium\",\"nav_align\":\"center\",\"nav_breakpoint\":\"s\",\"thumbnav_width\":\"100\",\"thumbnav_height\":\"75\",\"slidenav\":\"default\",\"slidenav_margin\":\"medium\",\"slidenav_breakpoint\":\"s\",\"slidenav_outside_breakpoint\":\"xl\",\"overlay_position\":\"center-left\",\"overlay_animation\":\"parallax\",\"title_element\":\"h3\",\"meta_style\":\"meta\",\"meta_align\":\"below-title\",\"link_text\":\"Read more\",\"link_style\":\"default\",\"margin\":\"default\",\"slideshow_height\":\"section\",\"thumbnav_svg_color\":\"emphasis\",\"meta_element\":\"div\"},\"children\":[{\"name\":\"\",\"type\":\"slideshow_item\",\"props\":{\"image\":\"wp-content\\\/uploads\\\/aussen_2.jpg\"}}]}]}]}]},{\"name\":\"\",\"type\":\"section\",\"props\":{\"style\":\"primary\",\"width\":\"large\",\"vertical_align\":\"middle\",\"title_position\":\"top-left\",\"title_rotation\":\"left\",\"title_breakpoint\":\"xl\",\"image_position\":\"center-center\",\"id\":\"kontakt\"},\"children\":[{\"name\":\"\",\"type\":\"row\",\"children\":[{\"name\":\"\",\"type\":\"column\",\"props\":{\"image_position\":\"center-center\",\"width_medium\":\"1-1\",\"media_overlay_gradient\":\"\"},\"children\":[{\"name\":\"\",\"type\":\"headline\",\"props\":{\"title_element\":\"h1\",\"content\":\"Kontakt und Parkm\\u00f6glichkeiten\",\"title_decoration\":\"line\",\"text_align\":\"center\",\"title_style\":\"heading-small\"}}]}]},{\"name\":\"\",\"type\":\"row\",\"props\":{\"layout\":\"1-2,1-2\"},\"children\":[{\"name\":\"\",\"type\":\"column\",\"props\":{\"image_position\":\"center-center\",\"width_medium\":\"1-2\",\"media_overlay_gradient\":\"\"},\"children\":[{\"name\":\"\",\"type\":\"map\",\"props\":{\"show_title\":true,\"type\":\"roadmap\",\"zoom\":10,\"controls\":true,\"zooming\":false,\"dragging\":false,\"show_meta\":true,\"show_content\":true,\"show_image\":true,\"show_link\":true,\"min_zoom\":0,\"max_zoom\":18,\"title_hover_style\":\"reset\",\"title_element\":\"h3\",\"meta_style\":\"meta\",\"meta_align\":\"below-title\",\"meta_element\":\"div\",\"image_svg_color\":\"emphasis\",\"link_text\":\"Read more\",\"link_style\":\"default\",\"margin\":\"default\"},\"children\":[{\"name\":\"\",\"type\":\"map_item\",\"props\":{\"location\":\"50.0967,11.7447\",\"show_popup\":true,\"title\":\"Zahnarztpraxis Dr. Frank Wolfrum\",\"content\":\"\n\n<p>Neuenreuther Str. 19<br \\\/>95482 Gefrees<\\\/p>\"}}]}]},{\"name\":\"\",\"type\":\"column\",\"props\":{\"image_position\":\"center-center\",\"width_medium\":\"1-2\",\"media_overlay_gradient\":\"\"},\"children\":[{\"name\":\"\",\"type\":\"text\",\"props\":{\"margin\":\"default\",\"column_breakpoint\":\"m\",\"content\":\"\n\n<p>Durch unsere verkehrsberuhigte Lage finden Sie immer gen\\u00fcgend Parkm\\u00f6glichkeiten. Eine vorhandene Rollstuhlrampe erm\\u00f6glicht barrierefreies Behandeln.<\\\/p>\\n\n\n<p><strong>Zahnarztpraxis Dr. Frank Wolfrum<\\\/strong><br \\\/><strong>Master of Science in Oral Implantology (DGI)<\\\/strong><\\\/p>\\n\n\n<p>Neuenreuther Str. 19<br \\\/>95482 Gefrees<\\\/p>\\n\n\n<p>Telefon: 09254 \\\/ 9 13 13<br \\\/>Fax: 09254 \\\/ 9 13 14<br \\\/>Mail: zahnarzt-drwolfrum@t-online.de<\\\/p>\"}}]}]}]}],\"version\":\"2.6.2\"} --><\/p>\n","protected":false},"excerpt":{"rendered":"<p>Hinweis zum Corona-Virus Wir sind weiterhin zu den gewohnten Sprechzeiten f\u00fcr Sie da und kommen unserem Sicherstellungsauftrag nach. Sollten Sie Krankheitssymptome haben bitten wir Sie aber dennoch uns vor betreten der Praxis telefonisch zu informieren. Bei weiteren Fragen stehen wir Ihnen gerne w\u00e4hrend der Sprechzeiten zur Verf\u00fcgung. Stellenangebot Wir suchen ab sofort eine\/-n zahnmedizinische Fachangestellte\/-n [&hellip;]<\/p>\n","protected":false},"author":1,"featured_media":0,"parent":0,"menu_order":3,"comment_status":"closed","ping_status":"closed","template":"","meta":[],"_links":{"self":[{"href":"https:\/\/www.derzahnarzt-gefrees.de\/index.php?rest_route=\/wp\/v2\/pages\/19"}],"collection":[{"href":"https:\/\/www.derzahnarzt-gefrees.de\/index.php?rest_route=\/wp\/v2\/pages"}],"about":[{"href":"https:\/\/www.derzahnarzt-gefrees.de\/index.php?rest_route=\/wp\/v2\/types\/page"}],"author":[{"embeddable":true,"href":"https:\/\/www.derzahnarzt-gefrees.de\/index.php?rest_route=\/wp\/v2\/users\/1"}],"replies":[{"embeddable":true,"href":"https:\/\/www.derzahnarzt-gefrees.de\/index.php?rest_route=%2Fwp%2Fv2%2Fcomments&post=19"}],"version-history":[{"count":26,"href":"https:\/\/www.derzahnarzt-gefrees.de\/index.php?rest_route=\/wp\/v2\/pages\/19\/revisions"}],"predecessor-version":[{"id":253,"href":"https:\/\/www.derzahnarzt-gefrees.de\/index.php?rest_route=\/wp\/v2\/pages\/19\/revisions\/253"}],"wp:attachment":[{"href":"https:\/\/www.derzahnarzt-gefrees.de\/index.php?rest_route=%2Fwp%2Fv2%2Fmedia&parent=19"}],"curies":[{"name":"wp","href":"https:\/\/api.w.org\/{rel}","templated":true}]}}